{"id":18141,"date":"2025-02-03T12:16:31","date_gmt":"2025-02-03T11:16:31","guid":{"rendered":"https:\/\/agcpuertasautomaticas.es\/?page_id=18141"},"modified":"2025-02-24T11:56:50","modified_gmt":"2025-02-24T10:56:50","slug":"aviso-legal","status":"publish","type":"page","link":"https:\/\/www.agcpuertasautomaticas.es\/en\/aviso-legal\/","title":{"rendered":"Legal notice"},"content":{"rendered":"<div data-elementor-type=\"wp-page\" data-elementor-id=\"18141\" class=\"elementor elementor-18141\" data-elementor-post-type=\"page\">\n\t\t\t\t        <section class=\"elementor-section elementor-top-section elementor-element elementor-element-26df2a77 elementor-section-boxed elementor-section-height-default elementor-section-height-default pxl-type-header-none pxl-row-scroll-none\" data-id=\"26df2a77\" data-element_type=\"section\" data-e-type=\"section\">\n\n                \n                <div class=\"elementor-container elementor-column-gap-default\">\n                <div class=\"elementor-column elementor-col-100 elementor-top-column elementor-element elementor-element-38fea9fe pxl-column-element-default pxl-column-none pxl-column-overflow-hidden-no\" data-id=\"38fea9fe\" data-element_type=\"column\" data-e-type=\"column\">\r\n        <div class=\"elementor-widget-wrap elementor-element-populated\">\r\n                     \r\n        \t\t<div class=\"elementor-element elementor-element-3db628ae elementor-widget__width-initial elementor-widget elementor-widget-text-editor\" data-id=\"3db628ae\" data-element_type=\"widget\" data-e-type=\"widget\" data-widget_type=\"text-editor.default\">\n\t\t\t\t<div class=\"elementor-widget-container\">\n\t\t\t\t\t\t\t\t\t<p><strong>1. General conditions:<\/strong><\/p>\n<p>This legal notice contains the conditions that regulate the use and access to the website https:\/\/www.agcpuertasautomaticas.es (hereinafter website or web) and the responsibilities derived from its use, in compliance with Law 34\/2002, of 11 July, on Information Society Services and Electronic Commerce (hereinafter, LSSI). It is understood that access to or mere use of the website by the user implies the user's adherence to all the conditions that AGC PUERTAS AUTOM\u00c1TICAS has published on the website at that time. Users are informed that AGC PUERTAS AUTOM\u00c1TICAS respects the current legislation on personal data protection, the privacy of users and the secrecy and security of their personal data, adopting the necessary technical and organisational measures to prevent the loss, misuse, alteration, unauthorised access and theft of the personal data provided.<\/p>\n<p><strong>2. Holder:<\/strong><\/p>\n<p>The owner of this website is:<\/p>\n<p><span style=\"color: var( --e-global-color-text ); font-family: var( --e-global-typography-text-font-family ), Sans-serif; font-weight: var( --e-global-typography-text-font-weight ); letter-spacing: 0px;\">Alberto Garc\u00e9s Calvo<\/span> from now on AGC AUTOMATIC DOORS,<span style=\"color: var( --e-global-color-text ); font-family: var( --e-global-typography-text-font-family ), Sans-serif; font-weight: var( --e-global-typography-text-font-weight ); letter-spacing: 0px;\">&nbsp;with VAT number&nbsp;<\/span><span style=\"color: var( --e-global-color-text ); font-family: var( --e-global-typography-text-font-family ), Sans-serif; font-weight: var( --e-global-typography-text-font-weight ); letter-spacing: 0px;\">50832190M<\/span><span style=\"color: var( --e-global-color-text ); font-family: var( --e-global-typography-text-font-family ), Sans-serif; font-weight: var( --e-global-typography-text-font-weight ); letter-spacing: 0px;\">, address&nbsp;<\/span><span style=\"color: var( --e-global-color-text ); font-family: var( --e-global-typography-text-font-family ), Sans-serif; font-weight: var( --e-global-typography-text-font-weight ); letter-spacing: 0px;\">CALLE AZAHAR 21-22. TORRETA II. 03184. TORREVIEJA. ALICANTE<\/span><span style=\"color: var( --e-global-color-text ); font-family: var( --e-global-typography-text-font-family ), Sans-serif; letter-spacing: 0px; font-weight: 700;\">.&nbsp;<\/span><span style=\"color: var( --e-global-color-text ); font-family: var( --e-global-typography-text-font-family ), Sans-serif; font-weight: var( --e-global-typography-text-font-weight ); letter-spacing: 0px;\">contact telephone number&nbsp;<\/span><span style=\"color: var( --e-global-color-text ); font-family: var( --e-global-typography-text-font-family ), Sans-serif; font-weight: var( --e-global-typography-text-font-weight ); letter-spacing: 0px;\">640 558 736<\/span><span style=\"color: var( --e-global-color-text ); font-family: var( --e-global-typography-text-font-family ), Sans-serif; font-weight: var( --e-global-typography-text-font-weight ); letter-spacing: 0px;\">&nbsp;and e-mail address hola@agcpuertasautomaticas.es<\/span><\/p>\n<p><strong>3. Object:<\/strong><\/p>\n<p>The aim of this site is to inform about the activity and services developed and offered by AGC PUERTAS AUTOM\u00c1TICAS.<\/p>\n<p><strong>4. Intellectual and Industrial Property Rights:<\/strong><\/p>\n<p>The entirety of this website: description and characteristics, text, images, trademarks, logos, buttons, software files, as well as the structure, selection, arrangement and presentation of its contents are protected by Spanish and international laws on intellectual and industrial property. Under no circumstances does access by third parties to this site imply any kind of waiver, transmission or total or partial transfer of the rights granted by Spanish and international legislation on Intellectual and Industrial property.<\/p>\n<p>Quedan prohibidos la reproducci\u00f3n (excepto la descarga temporal desde el sitio web al disco duro del ordenador del usuario o a los servidores proxy), la copia, el uso, la distribuci\u00f3n, la reutilizaci\u00f3n, la explotaci\u00f3n, la realizaci\u00f3n de segundas copias, el env\u00edo por correo, la transmisi\u00f3n, la modificaci\u00f3n, la cesi\u00f3n o cualquier otro acto que se haga con la totalidad o parte de la informaci\u00f3n contenida en esta web que no haya sido expresamente autorizado por el titular. El usuario se obliga a usar los contenidos de forma diligente, correcta y l\u00edcita y, en particular, se compromete a abstenerse de suprimir, eludir o manipular el &#8220;copyright&#8221; y dem\u00e1s datos identificativos de los derechos de AGC PUERTAS AUTOM\u00c1TICAS&nbsp;o de sus titulares incorporados a los contenidos, as\u00ed como los dispositivos t\u00e9cnicos de protecci\u00f3n o cualesquiera mecanismos de informaci\u00f3n que pudieran incluirse en los contenidos. https:\/\/www.agcpuertasautomaticas.es es un dominio registrado por AGC PUERTAS AUTOM\u00c1TICAS. El dominio no puede ser utilizado, salvo autorizaci\u00f3n expresa previa, en conexi\u00f3n con otros servicios que no sean de la empresa de ninguna manera que pueda causar confusi\u00f3n entre nuestros clientes o descr\u00e9dito de AGC PUERTAS AUTOM\u00c1TICAS.<\/p>\n<p><strong>5. Access:<\/strong><\/p>\n<p>Users may access the site freely and free of charge. However, AGC PUERTAS AUTOM\u00c1TICAS reserves the right to limit access to certain areas of the website to those users who do not have the appropriate credentials. These credentials (username and password) are provided by AGC PUERTAS AUTOM\u00c1TICAS to its clients, or to those users who expressly request it, in order to access specific information for this group of users. The use of the password is personal and non-transferable, and it may not be transferred, even temporarily, to third parties. In this respect, the user undertakes to use it diligently and to keep it secret.<\/p>\n<p><strong>6. Responsibility and Liability:<\/strong><\/p>\n<p><strong>6.1. Responsibility for content<\/strong><\/p>\n<p>The content of this website is of a general nature, with an exclusively informative purpose and effects of our services and our business activity. AGC PUERTAS AUTOM\u00c1TICAS disclaims any responsibility for any decision taken by the user of the website. AGC PUERTAS AUTOM\u00c1TICAS declines any responsibility for any information not elaborated by the company or not published in an authorised manner under its name, as well as any responsibility arising from the misuse of the contents. Likewise, in relation to the contents, AGC PUERTAS AUTOM\u00c1TICAS reserves the right to update, eliminate, limit or prevent access to them, either temporarily or permanently.<\/p>\n<p><strong>6.2. Responsibility for links to other web sites (links)<\/strong><\/p>\n<p>The links introduced in this website are merely informative and, therefore, AGC PUERTAS AUTOM\u00c1TICAS does not control or verify any information, content, products or services provided through these websites. Consequently, AGC PUERTAS AUTOM\u00c1TICAS declines any kind of responsibility for any aspect, especially the content, related to the linked pages. These links to other sites and the products or services offered by them do not imply any endorsement, sponsorship or recommendation by AGC PUERTAS AUTOM\u00c1TICAS.<\/p>\n<p><strong>6.3. Liability in the event that this site is the destination of a link placed on another site<\/strong><\/p>\n<p>With regard to links established by other pages to the AGC PUERTAS AUTOM\u00c1TICAS website, the following stipulations must be observed: - Authorisation must be requested prior to the creation of the link and must be expressly stated.<\/p>\n<p>El enlace debe ser absoluto y completo, es decir, debe llevar al usuario a la propia direcci\u00f3n de AGC PUERTAS AUTOM\u00c1TICAS&nbsp;y debe abarcar completamente toda la extensi\u00f3n de la pantalla de la p\u00e1gina inicial. En ning\u00fan caso, salvo autorizaci\u00f3n expresa y por escrito de AGC PUERTAS AUTOM\u00c1TICAS, la p\u00e1gina que realice el enlace podr\u00e1 reproducir de cualquier manera el sitio web de AGC PUERTAS AUTOM\u00c1TICAS, incluirlo como parte de su web o dentro de uno de sus &#8220;frames&#8221; o crear un &#8220;browser&#8221; sobre cualquiera de las p\u00e1ginas del web.<\/p>\n<p>No erroneous or incorrect information will be given about the AGC PUERTAS AUTOM\u00c1TICAS website.<\/p>\n<p>If any distinctive sign of AGC PUERTAS AUTOM\u00c1TICAS, such as trademarks, logos and names, is to be included, written authorisation must be obtained.<\/p>\n<p>The owner of the page offering the link shall act in good faith and shall not seek to adversely affect the reputation or good name of AGC PUERTAS AUTOM\u00c1TICAS.<\/p>\n<p>Se proh\u00edbe, salvo autorizaci\u00f3n expresa de AGC PUERTAS AUTOM\u00c1TICAS, dar de alta los elementos de texto de la marca o del logotipo, el nombre de dominio o la denominaci\u00f3n social de AGC PUERTAS AUTOM\u00c1TICAS, como palabra clave (&#8220;metatags&#8221; o &#8220;metanames&#8221;) para la b\u00fasqueda de sitios webs realizada a trav\u00e9s de buscadores.&nbsp;<span style=\"color: var( --e-global-color-text ); font-family: var( --e-global-typography-text-font-family ), Sans-serif; font-weight: var( --e-global-typography-text-font-weight ); letter-spacing: 0px;\">AGC AUTOMATIC DOORS<\/span><span style=\"color: var( --e-global-color-text ); font-family: var( --e-global-typography-text-font-family ), Sans-serif; font-weight: var( --e-global-typography-text-font-weight ); letter-spacing: 0px;\">&nbsp;assumes no responsibility whatsoever for any aspect of the linked website.<\/span><\/p>\n<p><strong>6.4. Responsibility for technical aspects:<\/strong><\/p>\n<p><span style=\"color: var( --e-global-color-text ); font-family: var( --e-global-typography-text-font-family ), Sans-serif; font-weight: var( --e-global-typography-text-font-weight ); letter-spacing: 0px;\">AGC AUTOMATIC DOORS<\/span>&nbsp;will make every effort to provide a stable and lasting service, but in no case guarantees the continuity of operation or the operability and availability of the website for reasons beyond its responsibility. AGC PUERTAS AUTOM\u00c1TICAS accepts no liability for direct or indirect damages, including damage to computer systems and the introduction of viruses on the Internet, arising from the Internet browsing necessary for the use of this website. For this reason, under no circumstances will compensation be paid for possible problems due to system malfunctions.<\/p>\n<p><strong>6.5. Obligations of users:<\/strong><\/p>\n<p>The user shall be liable for any damages that AGC PUERTAS AUTOM\u00c1TICAS may suffer as a result of non-compliance by the user with any of the obligations set out in this legal notice. The user will be responsible, in any case, for the veracity of the data provided, and AGC PUERTAS AUTOM\u00c1TICAS reserves the right to exclude from the registered services any user who has provided false data and to cancel the insurance contract requested, without prejudice to any other actions that may be applicable by law. The user may not use this service to transmit any kind of illegal, threatening, defamatory or any other kind of material considered offensive. In the same way, the user may not make incorrect use of the contents of&nbsp;<span style=\"color: var( --e-global-color-text ); font-family: var( --e-global-typography-text-font-family ), Sans-serif; font-weight: var( --e-global-typography-text-font-weight ); letter-spacing: 0px;\">AGC AUTOMATIC DOORS<\/span><span style=\"color: var( --e-global-color-text ); font-family: var( --e-global-typography-text-font-family ), Sans-serif; font-weight: var( --e-global-typography-text-font-weight ); letter-spacing: 0px;\">The use, reproduction, modification or transformation of any information obtained from the site is prohibited. Any information obtained on the&nbsp;<\/span>AGC AUTOMATIC DOORS<span style=\"color: var( --e-global-color-text ); font-family: var( --e-global-typography-text-font-family ), Sans-serif; font-weight: var( --e-global-typography-text-font-weight ); letter-spacing: 0px;\">&nbsp;and displayed on an external page, it must be displayed with due indication of the source, i.e. the name of the site and the link or page from which the information was obtained. With regard to browsing, the user undertakes to diligently and faithfully observe the recommendations established at the time.&nbsp;<\/span>AGC AUTOMATIC DOORS<span style=\"color: var( --e-global-color-text ); font-family: var( --e-global-typography-text-font-family ), Sans-serif; font-weight: var( --e-global-typography-text-font-weight ); letter-spacing: 0px;\">&nbsp;relating to the use of the site. For these purposes&nbsp;<\/span>AGC AUTOMATIC DOORS<span style=\"color: var( --e-global-color-text ); font-family: var( --e-global-typography-text-font-family ), Sans-serif; font-weight: var( --e-global-typography-text-font-weight ); letter-spacing: 0px;\">&nbsp;will be addressed to users by any means of communication through the website.<\/span><\/p>\n<p><strong>7. Duration and Modification:<\/strong><\/p>\n<p><span style=\"color: var( --e-global-color-text ); font-family: var( --e-global-typography-text-font-family ), Sans-serif; font-weight: var( --e-global-typography-text-font-weight ); letter-spacing: 0px;\">AGC AUTOMATIC DOORS<\/span>&nbsp;shall be entitled to unilaterally modify the terms and conditions stipulated herein, in whole or in part. Any changes will appear, and will be brought to the attention of users, in the same way as they appear in this legal notice. The temporary validity of this legal notice coincides, therefore, with the time of its exposure, until such time as they are totally or partially modified by AGC PUERTAS AUTOM\u00c1TICAS. AGC PUERTAS AUTOM\u00c1TICAS may unilaterally terminate, suspend or interrupt the operation of this website, without the possibility of requesting any compensation from the user. After such termination, the user must destroy any information about AGC PUERTAS AUTOM\u00c1TICAS that he\/she possesses in any format and that he\/she has obtained through the site or through the communications made individually to the user by the same. AGC PUERTAS AUTOM\u00c1TICAS shall have no obligation to maintain any content or to forward any unread or unsent messages to the user or any third party.<\/p>\n<p><strong>8. Legislation and Jurisdiction:<\/strong><\/p>\n<p>These conditions of use are governed by Spanish law. The conditions appearing on this website are in all cases subject to Spanish Law and Spanish Courts. In the event of any dispute between the user and AGC PUERTAS AUTOM\u00c1TICAS, the parties expressly agree to submit to the Courts and Tribunals of Torrevieja (Spain) for the provision of the service, expressly waiving any other jurisdiction.&nbsp;<\/p>\t\t\t\t\t\t\t\t<\/div>\n\t\t\t\t<\/div>\n\t\t            <\/div>\r\n        <\/div>\r\n        \t\t\t<\/div>\n\t\t<\/section>\n\t\t\t\t<\/div>","protected":false},"excerpt":{"rendered":"<p>1. Condiciones generales: Esta nota legal contiene las condiciones que regulan el uso y acceso al sitio web https:\/\/www.agcpuertasautomaticas.es (en adelante sitio o web) y las responsabilidades derivadas de su utilizaci\u00f3n, en cumplimiento con la Ley 34\/2002, de 11 de julio, de Servicios de la Sociedad de la Informaci\u00f3n y el Comercio Electr\u00f3nico (en adelante, [&hellip;]<\/p>\n","protected":false},"author":1,"featured_media":0,"parent":0,"menu_order":0,"comment_status":"closed","ping_status":"closed","template":"","meta":{"footnotes":""},"class_list":["post-18141","page","type-page","status-publish","hentry"],"yoast_head":"<!-- This site is optimized with the Yoast SEO plugin v27.5 - https:\/\/yoast.com\/product\/yoast-seo-wordpress\/ -->\n<title>Aviso legal - AGC Puertas autom\u00e1ticas<\/title>\n<meta name=\"robots\" content=\"index, follow, max-snippet:-1, max-image-preview:large, max-video-preview:-1\" \/>\n<link rel=\"canonical\" href=\"https:\/\/www.agcpuertasautomaticas.es\/en\/aviso-legal\/\" \/>\n<meta property=\"og:locale\" content=\"en_GB\" \/>\n<meta property=\"og:type\" content=\"article\" \/>\n<meta property=\"og:title\" content=\"Aviso legal - AGC Puertas autom\u00e1ticas\" \/>\n<meta property=\"og:description\" content=\"1. Condiciones generales: Esta nota legal contiene las condiciones que regulan el uso y acceso al sitio web https:\/\/www.agcpuertasautomaticas.es (en adelante sitio o web) y las responsabilidades derivadas de su utilizaci\u00f3n, en cumplimiento con la Ley 34\/2002, de 11 de julio, de Servicios de la Sociedad de la Informaci\u00f3n y el Comercio Electr\u00f3nico (en adelante, [&hellip;]\" \/>\n<meta property=\"og:url\" content=\"https:\/\/www.agcpuertasautomaticas.es\/en\/aviso-legal\/\" \/>\n<meta property=\"og:site_name\" content=\"AGC Puertas autom\u00e1ticas\" \/>\n<meta property=\"article:modified_time\" content=\"2025-02-24T10:56:50+00:00\" \/>\n<meta name=\"twitter:card\" content=\"summary_large_image\" \/>\n<meta name=\"twitter:label1\" content=\"Estimated reading time\" \/>\n\t<meta name=\"twitter:data1\" content=\"8 minutes\" \/>\n<script type=\"application\/ld+json\" class=\"yoast-schema-graph\">{\"@context\":\"https:\\\/\\\/schema.org\",\"@graph\":[{\"@type\":\"WebPage\",\"@id\":\"https:\\\/\\\/www.agcpuertasautomaticas.es\\\/aviso-legal\\\/\",\"url\":\"https:\\\/\\\/www.agcpuertasautomaticas.es\\\/aviso-legal\\\/\",\"name\":\"Aviso legal - AGC Puertas autom\u00e1ticas\",\"isPartOf\":{\"@id\":\"https:\\\/\\\/www.agcpuertasautomaticas.es\\\/#website\"},\"datePublished\":\"2025-02-03T11:16:31+00:00\",\"dateModified\":\"2025-02-24T10:56:50+00:00\",\"breadcrumb\":{\"@id\":\"https:\\\/\\\/www.agcpuertasautomaticas.es\\\/aviso-legal\\\/#breadcrumb\"},\"inLanguage\":\"en-GB\",\"potentialAction\":[{\"@type\":\"ReadAction\",\"target\":[\"https:\\\/\\\/www.agcpuertasautomaticas.es\\\/aviso-legal\\\/\"]}]},{\"@type\":\"BreadcrumbList\",\"@id\":\"https:\\\/\\\/www.agcpuertasautomaticas.es\\\/aviso-legal\\\/#breadcrumb\",\"itemListElement\":[{\"@type\":\"ListItem\",\"position\":1,\"name\":\"Portada\",\"item\":\"https:\\\/\\\/www.agcpuertasautomaticas.es\\\/\"},{\"@type\":\"ListItem\",\"position\":2,\"name\":\"Aviso legal\"}]},{\"@type\":\"WebSite\",\"@id\":\"https:\\\/\\\/www.agcpuertasautomaticas.es\\\/#website\",\"url\":\"https:\\\/\\\/www.agcpuertasautomaticas.es\\\/\",\"name\":\"AGC Puertas autom\u00e1ticas\",\"description\":\"\",\"potentialAction\":[{\"@type\":\"SearchAction\",\"target\":{\"@type\":\"EntryPoint\",\"urlTemplate\":\"https:\\\/\\\/www.agcpuertasautomaticas.es\\\/?s={search_term_string}\"},\"query-input\":{\"@type\":\"PropertyValueSpecification\",\"valueRequired\":true,\"valueName\":\"search_term_string\"}}],\"inLanguage\":\"en-GB\"}]}<\/script>\n<!-- \/ Yoast SEO plugin. -->","yoast_head_json":{"title":"Aviso legal - AGC Puertas autom\u00e1ticas","robots":{"index":"index","follow":"follow","max-snippet":"max-snippet:-1","max-image-preview":"max-image-preview:large","max-video-preview":"max-video-preview:-1"},"canonical":"https:\/\/www.agcpuertasautomaticas.es\/en\/aviso-legal\/","og_locale":"en_GB","og_type":"article","og_title":"Aviso legal - AGC Puertas autom\u00e1ticas","og_description":"1. Condiciones generales: Esta nota legal contiene las condiciones que regulan el uso y acceso al sitio web https:\/\/www.agcpuertasautomaticas.es (en adelante sitio o web) y las responsabilidades derivadas de su utilizaci\u00f3n, en cumplimiento con la Ley 34\/2002, de 11 de julio, de Servicios de la Sociedad de la Informaci\u00f3n y el Comercio Electr\u00f3nico (en adelante, [&hellip;]","og_url":"https:\/\/www.agcpuertasautomaticas.es\/en\/aviso-legal\/","og_site_name":"AGC Puertas autom\u00e1ticas","article_modified_time":"2025-02-24T10:56:50+00:00","twitter_card":"summary_large_image","twitter_misc":{"Estimated reading time":"8 minutes"},"schema":{"@context":"https:\/\/schema.org","@graph":[{"@type":"WebPage","@id":"https:\/\/www.agcpuertasautomaticas.es\/aviso-legal\/","url":"https:\/\/www.agcpuertasautomaticas.es\/aviso-legal\/","name":"Aviso legal - AGC Puertas autom\u00e1ticas","isPartOf":{"@id":"https:\/\/www.agcpuertasautomaticas.es\/#website"},"datePublished":"2025-02-03T11:16:31+00:00","dateModified":"2025-02-24T10:56:50+00:00","breadcrumb":{"@id":"https:\/\/www.agcpuertasautomaticas.es\/aviso-legal\/#breadcrumb"},"inLanguage":"en-GB","potentialAction":[{"@type":"ReadAction","target":["https:\/\/www.agcpuertasautomaticas.es\/aviso-legal\/"]}]},{"@type":"BreadcrumbList","@id":"https:\/\/www.agcpuertasautomaticas.es\/aviso-legal\/#breadcrumb","itemListElement":[{"@type":"ListItem","position":1,"name":"Portada","item":"https:\/\/www.agcpuertasautomaticas.es\/"},{"@type":"ListItem","position":2,"name":"Aviso legal"}]},{"@type":"WebSite","@id":"https:\/\/www.agcpuertasautomaticas.es\/#website","url":"https:\/\/www.agcpuertasautomaticas.es\/","name":"AGC Puertas autom\u00e1ticas","description":"","potentialAction":[{"@type":"SearchAction","target":{"@type":"EntryPoint","urlTemplate":"https:\/\/www.agcpuertasautomaticas.es\/?s={search_term_string}"},"query-input":{"@type":"PropertyValueSpecification","valueRequired":true,"valueName":"search_term_string"}}],"inLanguage":"en-GB"}]}},"_links":{"self":[{"href":"https:\/\/www.agcpuertasautomaticas.es\/en\/wp-json\/wp\/v2\/pages\/18141","targetHints":{"allow":["GET"]}}],"collection":[{"href":"https:\/\/www.agcpuertasautomaticas.es\/en\/wp-json\/wp\/v2\/pages"}],"about":[{"href":"https:\/\/www.agcpuertasautomaticas.es\/en\/wp-json\/wp\/v2\/types\/page"}],"author":[{"embeddable":true,"href":"https:\/\/www.agcpuertasautomaticas.es\/en\/wp-json\/wp\/v2\/users\/1"}],"replies":[{"embeddable":true,"href":"https:\/\/www.agcpuertasautomaticas.es\/en\/wp-json\/wp\/v2\/comments?post=18141"}],"version-history":[{"count":10,"href":"https:\/\/www.agcpuertasautomaticas.es\/en\/wp-json\/wp\/v2\/pages\/18141\/revisions"}],"predecessor-version":[{"id":18550,"href":"https:\/\/www.agcpuertasautomaticas.es\/en\/wp-json\/wp\/v2\/pages\/18141\/revisions\/18550"}],"wp:attachment":[{"href":"https:\/\/www.agcpuertasautomaticas.es\/en\/wp-json\/wp\/v2\/media?parent=18141"}],"curies":[{"name":"wp","href":"https:\/\/api.w.org\/{rel}","templated":true}]}}